{"id":7232,"date":"2016-12-05T09:00:46","date_gmt":"2016-12-05T08:00:46","guid":{"rendered":"https:\/\/stjosephsion.fr\/?page_id=7232"},"modified":"2024-11-20T11:35:58","modified_gmt":"2024-11-20T10:35:58","slug":"informations-pour-une-inscription","status":"publish","type":"page","link":"https:\/\/stjosephsion.fr\/?page_id=7232","title":{"rendered":"Inscription (modalit\u00e9s,  tarifs&#8230;)"},"content":{"rendered":"<p>Pour une inscription, les familles sont invit\u00e9es \u00e0 prendre rendez-vous avec la directrice Val\u00e9rie Morel (contact: 02 40 28 95 34 )ou ec.sion-les-mines.st-joseph@ec44.fr<\/p>\n<p><em>Vous aurez besoin de venir avec:<\/em><\/p>\n<ul>\n<li>Photocopie du livret de famille,<\/li>\n<li>Photocopie des vaccins dans le carnet de sant\u00e9,<\/li>\n<li>Certificat de radiation et dossiers scolaires ( pour les enfants d\u00e9j\u00e0 inscrits dans une \u00e9cole l&#8217;ann\u00e9e pr\u00e9c\u00e9dente),<\/li>\n<\/ul>\n<p>L&#8217;\u00e9cole Saint Joseph est une \u00e9cole sous contrat avec l\u2019\u00c9tat. A ce titre, pour chaque enfant et chaque ann\u00e9e, une r\u00e9tribution vous sera demand\u00e9e:<\/p>\n<ul>\n<li>pour le 1er enfant scolaris\u00e9: 22 euros par mois sur 11 mois;<\/li>\n<li>Pour le 2\u00e8me enfant scolaris\u00e9: 21 euros par mois sur 11 mois;<\/li>\n<li>pour le 3er enfant scolaris\u00e9: 20 euros par mois sur 11 mois;<\/li>\n<li>Etc&#8230;<\/li>\n<\/ul>\n<p>A tr\u00e8s bient\u00f4t \u00e0 l&#8217;\u00e9cole Saint Joseph.<\/p>\n<p>&nbsp;<\/p>\n","protected":false},"excerpt":{"rendered":"<p>Pour une inscription, les familles sont invit\u00e9es \u00e0 prendre rendez-vous avec la directrice Val\u00e9rie Morel (contact: 02 40 28 95 34 )ou ec.sion-les-mines.st-joseph@ec44.fr Vous aurez besoin de venir avec: Photocopie&hellip; <br \/> <a class=\"read-more\" href=\"https:\/\/stjosephsion.fr\/?page_id=7232\">Lire la suite<\/a><\/p>\n","protected":false},"author":2,"featured_media":7387,"parent":0,"menu_order":0,"comment_status":"closed","ping_status":"closed","template":"","meta":{"ngg_post_thumbnail":0,"footnotes":""},"class_list":["post-7232","page","type-page","status-publish","has-post-thumbnail","hentry"],"_links":{"self":[{"href":"https:\/\/stjosephsion.fr\/index.php?rest_route=\/wp\/v2\/pages\/7232","targetHints":{"allow":["GET"]}}],"collection":[{"href":"https:\/\/stjosephsion.fr\/index.php?rest_route=\/wp\/v2\/pages"}],"about":[{"href":"https:\/\/stjosephsion.fr\/index.php?rest_route=\/wp\/v2\/types\/page"}],"author":[{"embeddable":true,"href":"https:\/\/stjosephsion.fr\/index.php?rest_route=\/wp\/v2\/users\/2"}],"replies":[{"embeddable":true,"href":"https:\/\/stjosephsion.fr\/index.php?rest_route=%2Fwp%2Fv2%2Fcomments&post=7232"}],"version-history":[{"count":10,"href":"https:\/\/stjosephsion.fr\/index.php?rest_route=\/wp\/v2\/pages\/7232\/revisions"}],"predecessor-version":[{"id":36328,"href":"https:\/\/stjosephsion.fr\/index.php?rest_route=\/wp\/v2\/pages\/7232\/revisions\/36328"}],"wp:featuredmedia":[{"embeddable":true,"href":"https:\/\/stjosephsion.fr\/index.php?rest_route=\/wp\/v2\/media\/7387"}],"wp:attachment":[{"href":"https:\/\/stjosephsion.fr\/index.php?rest_route=%2Fwp%2Fv2%2Fmedia&parent=7232"}],"curies":[{"name":"wp","href":"https:\/\/api.w.org\/{rel}","templated":true}]}}