{"id":29149,"date":"2022-02-04T10:57:36","date_gmt":"2022-02-04T09:57:36","guid":{"rendered":"https:\/\/stjosephsion.fr\/?page_id=29149"},"modified":"2023-11-15T10:40:08","modified_gmt":"2023-11-15T09:40:08","slug":"label-international","status":"publish","type":"page","link":"https:\/\/stjosephsion.fr\/?page_id=29149","title":{"rendered":"Label International"},"content":{"rendered":"<p>Depuis 2014, l\u2019ouverture internationale de tous les \u00e9tablissements (\u00e9coles, coll\u00e8ges et lyc\u00e9es) est une des priorit\u00e9s de la Direction dioc\u00e9saine de Loire Atlantique. Lanc\u00e9 en 2015 le \u00ab Label Etablissement International \u00bb permet de valoriser l\u2019existant &#8211; le v\u00e9cu de l\u2019ouverture \u00e0 l\u2019international dans chaque \u00e9tablissement &#8211; mais aussi de lancer de nouvelles actions, notamment gr\u00e2ce aux programmes europ\u00e9ens Erasmus + (assistants, eTwinning, mobilit\u00e9s, partenariats&#8230;)<\/p>\n<p>Sous ce lien, <a href=\"https:\/\/stjosephsion.fr\/?p=29159\">plus d&#8217;informations sur les projets etwinning de l&#8217;\u00e9cole Saint Joseph<\/a><\/p>\n<div class='embed-container'><iframe loading=\"lazy\" title=\"Label Ouverture internationale\" width=\"1920\" height=\"1080\" src=\"https:\/\/www.youtube.com\/embed\/Dyym6E59AtY?feature=oembed\" frameborder=\"0\" allow=\"accelerometer; autoplay; clipboard-write; encrypted-media; gyroscope; picture-in-picture; web-share\" referrerpolicy=\"strict-origin-when-cross-origin\" allowfullscreen><\/iframe><\/div>\n<p>20\/11\/2021: pr\u00e9sentation de notre candidature pour le niveau 1 du label international.<\/p>\n<p>03\/01\/2022: Suite au d\u00e9p\u00f4t de notre dossier, l&#8217;\u00e9cole est maintenant entr\u00e9e dans le consortium de la DDEC Schools 44 Abroad!<\/p>\n<p>04\/02\/2022: notre candidature niveau 1 a \u00e9t\u00e9 valid\u00e9e. Nous nous engageons maintenant dans le niveau 2.&nbsp; Notre objectif est d&#8217;\u00eatre labellis\u00e9 courant 2023 et de permettre les premi\u00e8res mobilit\u00e9s d\u00e9s l&#8217;ann\u00e9e scolaire 2022-2023.<\/p>\n<p>01\/04\/2022: <a href=\"https:\/\/stjosephsion.fr\/?p=29532\">participation \u00e0 un concours de dessins europ\u00e9en.<\/a><\/p>\n<p>09\/05\/2022: <a href=\"https:\/\/stjosephsion.fr\/?p=29769\">journ\u00e9e de l&#8217;Europe<\/a><\/p>\n<p>19\/05\/2022: <a href=\"https:\/\/stjosephsion.fr\/?p=29918\">ateliers sur l&#8217;Europe<\/a><\/p>\n<p>15\/11\/2022: <a href=\"https:\/\/prezi.com\/view\/Snv8YEEoWuZZul4VB42t\/\">conseil d&#8217;\u00e9tablissement: pr\u00e9sentation du label international phase 2 \u00e0 l&#8217;ensemble de la communaut\u00e9 \u00e9ducative.<\/a><\/p>\n<p>18\/11\/2022: ateliers &#8220;dessins contre la faim&#8221;<\/p>\n<p>Ann\u00e9e scolaire 2022-2023: <a href=\"https:\/\/padlet.com\/ecsionlesminesstjoseph\/nosxijdxyc3ybdhl\">m\u00eame projet etwinning pour toute l&#8217;\u00e9cole: &#8220;the daily life of my class&#8221;<\/a><\/p>\n<p>Ann\u00e9e scolaire 2022-2023: <a href=\"https:\/\/padlet.com\/ecsionlesminesstjoseph\/qb6rg4v27t42etis\">projet pour les CM1-CM2 autour du conte &#8220;Le Tunnel&#8221; d&#8217;Anthony Brown.<\/a><\/p>\n<p>Ann\u00e9e scolaire 2023-2024: projet olympique avec la GRECE pour les CM: <a href=\"https:\/\/stjosephsion.fr\/?p=34366\">Padlet du projet<\/a><\/p>\n","protected":false},"excerpt":{"rendered":"<p>Depuis 2014, l\u2019ouverture internationale de tous les \u00e9tablissements (\u00e9coles, coll\u00e8ges et lyc\u00e9es) est une des priorit\u00e9s de la Direction dioc\u00e9saine de Loire Atlantique. Lanc\u00e9 en 2015 le \u00ab Label Etablissement&hellip; <br \/> <a class=\"read-more\" href=\"https:\/\/stjosephsion.fr\/?page_id=29149\">Lire la suite<\/a><\/p>\n","protected":false},"author":2,"featured_media":0,"parent":0,"menu_order":0,"comment_status":"closed","ping_status":"closed","template":"","meta":{"ngg_post_thumbnail":0,"footnotes":""},"class_list":["post-29149","page","type-page","status-publish","hentry"],"_links":{"self":[{"href":"https:\/\/stjosephsion.fr\/index.php?rest_route=\/wp\/v2\/pages\/29149","targetHints":{"allow":["GET"]}}],"collection":[{"href":"https:\/\/stjosephsion.fr\/index.php?rest_route=\/wp\/v2\/pages"}],"about":[{"href":"https:\/\/stjosephsion.fr\/index.php?rest_route=\/wp\/v2\/types\/page"}],"author":[{"embeddable":true,"href":"https:\/\/stjosephsion.fr\/index.php?rest_route=\/wp\/v2\/users\/2"}],"replies":[{"embeddable":true,"href":"https:\/\/stjosephsion.fr\/index.php?rest_route=%2Fwp%2Fv2%2Fcomments&post=29149"}],"version-history":[{"count":14,"href":"https:\/\/stjosephsion.fr\/index.php?rest_route=\/wp\/v2\/pages\/29149\/revisions"}],"predecessor-version":[{"id":34368,"href":"https:\/\/stjosephsion.fr\/index.php?rest_route=\/wp\/v2\/pages\/29149\/revisions\/34368"}],"wp:attachment":[{"href":"https:\/\/stjosephsion.fr\/index.php?rest_route=%2Fwp%2Fv2%2Fmedia&parent=29149"}],"curies":[{"name":"wp","href":"https:\/\/api.w.org\/{rel}","templated":true}]}}