{"id":159,"date":"2014-11-23T13:09:38","date_gmt":"2014-11-23T12:09:38","guid":{"rendered":"https:\/\/stjosephsion.fr\/?page_id=159"},"modified":"2025-01-12T16:36:54","modified_gmt":"2025-01-12T15:36:54","slug":"documentation","status":"publish","type":"page","link":"https:\/\/stjosephsion.fr\/?page_id=159","title":{"rendered":"Documentation et formulaires"},"content":{"rendered":"<p><a href=\"https:\/\/www.educlasse.fr\">Lien vers le site educlasse.fr&nbsp;&nbsp;<\/a><a href=\"https:\/\/stjosephsion.fr\/?attachment_id=11012\" rel=\"attachment wp-att-11012\"><img loading=\"lazy\" decoding=\"async\" class=\"alignnone wp-image-11012\" src=\"https:\/\/stjosephsion.fr\/wp-content\/uploads\/2017\/12\/logo_carre.png\" alt=\"\" width=\"102\" height=\"102\" srcset=\"https:\/\/stjosephsion.fr\/wp-content\/uploads\/2017\/12\/logo_carre.png 180w, https:\/\/stjosephsion.fr\/wp-content\/uploads\/2017\/12\/logo_carre-150x150.png 150w\" sizes=\"auto, (max-width: 102px) 100vw, 102px\" \/><\/a><\/p>\n<p><a href=\"https:\/\/stjosephsion.fr\/wp-content\/uploads\/2024\/11\/politique-de-protection-vie-privee.pdf\">Protection de vie priv\u00e9e<\/a><\/p>\n<iframe src=\"\/\/docs.google.com\/viewer?url=https%3A%2F%2Fstjosephsion.fr%2Fwp-content%2Fuploads%2F2024%2F11%2Fpolitique-de-protection-vie-privee.pdf&hl=fr&embedded=true\" class=\"gde-frame\" style=\"width:100%; height:500px; border: none;\" scrolling=\"no\"><\/iframe>\n<p class=\"gde-text\"><a href=\"https:\/\/stjosephsion.fr\/wp-content\/uploads\/2024\/11\/politique-de-protection-vie-privee.pdf\" class=\"gde-link\">T\u00e9l\u00e9charger (PDF, 109KB)<\/a><\/p>\n<p>Informations de la rentr\u00e9e :<\/p>\n<p><a href=\"https:\/\/stjosephsion.fr\/wp-content\/uploads\/2025\/01\/0_Circulaire-de-rentree-2024.pdf\">Circulaire de rentr\u00e9e 2024<iframe src=\"\/\/docs.google.com\/viewer?url=https%3A%2F%2Fstjosephsion.fr%2Fwp-content%2Fuploads%2F2025%2F01%2F0_Circulaire-de-rentree-2024.pdf&hl=fr&embedded=true\" class=\"gde-frame\" style=\"width:100%; height:500px; border: none;\" scrolling=\"no\"><\/iframe>\n<p class=\"gde-text\"><a href=\"https:\/\/stjosephsion.fr\/wp-content\/uploads\/2025\/01\/0_Circulaire-de-rentree-2024.pdf\" class=\"gde-link\">T\u00e9l\u00e9charger (PDF, 157KB)<\/a><\/p><\/a><\/p>\n<p>&nbsp;<\/p>\n<p style=\"text-align: center;\">Centre de loisirs et accueil p\u00e9riscolaire: Anim&#8217;a&#8217;sion.<\/p>\n<p style=\"text-align: center;\"><a href=\"http:\/\/www.mairie-sionlesmines.fr\/fr\/information\/81044\/accueil-loisirs-%28alsh%29\">Info mairie<\/a> et <a href=\"https:\/\/www.facebook.com\/animasionlesmines\/\">facebook<\/a><\/p>\n<p style=\"text-align: center;\"><a href=\"https:\/\/stjosephsion.fr\/?attachment_id=14060\" rel=\"attachment wp-att-14060\"><img loading=\"lazy\" decoding=\"async\" class=\"wp-image-14060 aligncenter\" src=\"https:\/\/stjosephsion.fr\/wp-content\/uploads\/2018\/09\/images.jpg\" alt=\"\" width=\"124\" height=\"93\"><\/a>En cas d\u2019absence de votre enfant:&nbsp; bulletin absence<iframe src=\"\/\/docs.google.com\/viewer?url=https%3A%2F%2Fstjosephsion.fr%2Fwp-content%2Fuploads%2F2025%2F01%2Fbulletin-absence.pdf&hl=fr&embedded=true\" class=\"gde-frame\" style=\"width:100%; height:500px; border: none;\" scrolling=\"no\"><\/iframe>\n<p class=\"gde-text\"><a href=\"https:\/\/stjosephsion.fr\/wp-content\/uploads\/2025\/01\/bulletin-absence.pdf\" class=\"gde-link\">T\u00e9l\u00e9charger (PDF, 43KB)<\/a><\/p><\/p>\n<p>&nbsp;<\/p>\n","protected":false},"excerpt":{"rendered":"<p>Lien vers le site educlasse.fr&nbsp;&nbsp; Protection de vie priv\u00e9e Informations de la rentr\u00e9e : Circulaire de rentr\u00e9e 2024 &nbsp; Centre de loisirs et accueil p\u00e9riscolaire: Anim&#8217;a&#8217;sion. Info mairie et facebook&hellip; <br \/> <a class=\"read-more\" href=\"https:\/\/stjosephsion.fr\/?page_id=159\">Lire la suite<\/a><\/p>\n","protected":false},"author":2,"featured_media":0,"parent":114,"menu_order":0,"comment_status":"closed","ping_status":"closed","template":"","meta":{"ngg_post_thumbnail":0,"footnotes":""},"class_list":["post-159","page","type-page","status-publish","hentry"],"_links":{"self":[{"href":"https:\/\/stjosephsion.fr\/index.php?rest_route=\/wp\/v2\/pages\/159","targetHints":{"allow":["GET"]}}],"collection":[{"href":"https:\/\/stjosephsion.fr\/index.php?rest_route=\/wp\/v2\/pages"}],"about":[{"href":"https:\/\/stjosephsion.fr\/index.php?rest_route=\/wp\/v2\/types\/page"}],"author":[{"embeddable":true,"href":"https:\/\/stjosephsion.fr\/index.php?rest_route=\/wp\/v2\/users\/2"}],"replies":[{"embeddable":true,"href":"https:\/\/stjosephsion.fr\/index.php?rest_route=%2Fwp%2Fv2%2Fcomments&post=159"}],"version-history":[{"count":29,"href":"https:\/\/stjosephsion.fr\/index.php?rest_route=\/wp\/v2\/pages\/159\/revisions"}],"predecessor-version":[{"id":36467,"href":"https:\/\/stjosephsion.fr\/index.php?rest_route=\/wp\/v2\/pages\/159\/revisions\/36467"}],"up":[{"embeddable":true,"href":"https:\/\/stjosephsion.fr\/index.php?rest_route=\/wp\/v2\/pages\/114"}],"wp:attachment":[{"href":"https:\/\/stjosephsion.fr\/index.php?rest_route=%2Fwp%2Fv2%2Fmedia&parent=159"}],"curies":[{"name":"wp","href":"https:\/\/api.w.org\/{rel}","templated":true}]}}